{"id":24,"date":"2017-12-01T05:52:03","date_gmt":"2017-12-01T04:52:03","guid":{"rendered":"http:\/\/www.mrbakers.de\/?page_id=24"},"modified":"2022-02-14T11:24:25","modified_gmt":"2022-02-14T10:24:25","slug":"das-finden-sie-bei-uns","status":"publish","type":"page","link":"https:\/\/www.mrbakers.de\/?page_id=24","title":{"rendered":"Angebot"},"content":{"rendered":"<h3><\/h3>\n<p>&#8230; unser Angebot findet Ihr bei uns in Mr. Bakers Coffeehouse!<\/p>\n<p>Wir freuen uns auf euch!<\/p>\n<p>Hier finden Sie die Liste mit den Allergen: <a href=\"https:\/\/www.mrbakers.de\/wp-content\/uploads\/2020\/10\/Allergenkarte.pdf\">Allergenkarte<\/a><\/p>\n","protected":false},"excerpt":{"rendered":"<p>&#8230; unser Angebot findet Ihr bei uns in Mr. Bakers Coffeehouse! Wir freuen uns auf euch! Hier finden Sie die Liste mit den Allergen: Allergenkarte<\/p>\n","protected":false},"author":1,"featured_media":8,"parent":0,"menu_order":0,"comment_status":"closed","ping_status":"closed","template":"","meta":{"advanced_seo_description":"","spay_email":""},"jetpack_sharing_enabled":true,"jetpack_shortlink":"https:\/\/wp.me\/P9EKlV-o","jetpack_likes_enabled":true,"jetpack-related-posts":[{"id":27,"url":"https:\/\/www.mrbakers.de\/?page_id=27","url_meta":{"origin":24,"position":0},"title":"Kontakt","date":"1. Dezember 2017","format":false,"excerpt":"\u00d6ffnungszeiten: Dienstag \u2013 Freitag 08:30 bis 17:00 Uhr Samstag \u2013 Sonntag 10:00 bis 17:00 Uhr Montag geschlossen Anschrift: Steinstra\u00dfe 12 - 81667 M\u00fcnchen Telefon: 089\/37068136 Email:\u00a0\u00a0 dorothea.sigel[at]icloud.com Instagram Mr. Bakers Coffee House Sie finden uns in der N\u00e4he vom Wiener Platz\/Max-Weber-Platz:","rel":"","context":"\u00c4hnlicher Beitrag","img":{"alt_text":"","src":"https:\/\/i1.wp.com\/www.mrbakers.de\/wp-content\/uploads\/2020\/09\/kaffemaschine.png?fit=1200%2C796&ssl=1&resize=350%2C200","width":350,"height":200},"classes":[]},{"id":20,"url":"https:\/\/www.mrbakers.de\/?page_id=20","url_meta":{"origin":24,"position":1},"title":"Impressum","date":"8. Oktober 2020","format":false,"excerpt":"1. Inhalt des Onlineangebotes Der Autor \u00fcbernimmt keinerlei Gew\u00e4hr f\u00fcr die Aktualit\u00e4t, Korrektheit, Vollst\u00e4ndigkeit oder Qualit\u00e4t der bereitgestellten Informationen. Haftungsanspr\u00fcche gegen den Autor, welche sich auf Sch\u00e4den materieller oder ideeller Art beziehen, die durch die Nutzung oder Nichtnutzung der dargebotenen Informationen bzw. durch die Nutzung fehlerhafter und unvollst\u00e4ndiger Informationen verursacht\u2026","rel":"","context":"\u00c4hnlicher Beitrag","img":{"alt_text":"","src":"","width":0,"height":0},"classes":[]}],"_links":{"self":[{"href":"https:\/\/www.mrbakers.de\/index.php?rest_route=\/wp\/v2\/pages\/24"}],"collection":[{"href":"https:\/\/www.mrbakers.de\/index.php?rest_route=\/wp\/v2\/pages"}],"about":[{"href":"https:\/\/www.mrbakers.de\/index.php?rest_route=\/wp\/v2\/types\/page"}],"author":[{"embeddable":true,"href":"https:\/\/www.mrbakers.de\/index.php?rest_route=\/wp\/v2\/users\/1"}],"replies":[{"embeddable":true,"href":"https:\/\/www.mrbakers.de\/index.php?rest_route=%2Fwp%2Fv2%2Fcomments&post=24"}],"version-history":[{"count":15,"href":"https:\/\/www.mrbakers.de\/index.php?rest_route=\/wp\/v2\/pages\/24\/revisions"}],"predecessor-version":[{"id":297,"href":"https:\/\/www.mrbakers.de\/index.php?rest_route=\/wp\/v2\/pages\/24\/revisions\/297"}],"wp:featuredmedia":[{"embeddable":true,"href":"https:\/\/www.mrbakers.de\/index.php?rest_route=\/wp\/v2\/media\/8"}],"wp:attachment":[{"href":"https:\/\/www.mrbakers.de\/index.php?rest_route=%2Fwp%2Fv2%2Fmedia&parent=24"}],"curies":[{"name":"wp","href":"https:\/\/api.w.org\/{rel}","templated":true}]}}